{"id":90,"date":"2025-04-18T21:53:31","date_gmt":"2025-04-18T21:53:31","guid":{"rendered":"https:\/\/insidersoutsiders.palaciocadaval.com\/?page_id=90"},"modified":"2025-05-01T09:21:52","modified_gmt":"2025-05-01T09:21:52","slug":"artistas-australianos-aborigenes-e-artistas-de-essaouira-marrocos-na-colecao-da-fundacao-yannick-e-ben-jakober","status":"publish","type":"page","link":"https:\/\/insidersoutsiders.palaciocadaval.com\/?page_id=90","title":{"rendered":"Artistas Australianos Abor\u00edgenes e Artistas de Essaouira, Marrocos, na Cole\u00e7\u00e3o da Funda\u00e7\u00e3o Yannick e Ben Jakober"},"content":{"rendered":"<p>Ben Jakober e Yannick Vu trabalham juntos como artistas desde o in\u00edcio da d\u00e9cada de 1990. Tamb\u00e9m s\u00e3o conhecidos como colecionadores de arte, tendo direcionado a sua aten\u00e7\u00e3o para muitos campos diferentes. Sa Bassa Blanca, o nome da sua magn\u00edfica casa, desenhada por Hassan Fathy no norte de Maiorca, \u00e9 talvez a sua obra-prima mais marcante, tendo-se tornado uma esp\u00e9cie de destino de peregrina\u00e7\u00e3o. A\u00ed, pode-se apreciar o seu trabalho e as suas cole\u00e7\u00f5es, quer no interior da casa, quer em espa\u00e7os adjacentes semelhantes a museus e tamb\u00e9m espalhados por um enorme parque de esculturas. <\/p>\n<p><em>Insiders\/Outsiders?<\/em>, a exposi\u00e7\u00e3o agora apresentada no Pal\u00e1cio Cadaval, re\u00fane cerca de trinta obras de um grupo de artistas marroquinos pertencentes \u00e0 chamada \u201cL\u2019\u00c9cole de Essaouira\u201d, colocando-as em di\u00e1logo com outra s\u00e9rie de obras, tamb\u00e9m cerca de trinta, de v\u00e1rios artistas abor\u00edgenes australianos. Todas as obras expostas pertencem \u00e0 cole\u00e7\u00e3o da Funda\u00e7\u00e3o Yannick e Ben Jakober.<\/p>\n<p>A \u201cL\u2019\u00c9cole de Essaouira\u201d tem origem no trabalho do comerciante de arte dinamarqu\u00eas Frederic Damgaard, que se mudou para esta cidade na costa atl\u00e2ntica de Marrocos, no in\u00edcio da d\u00e9cada de 1980. A\u00ed conheceu Boujema Lakhdar, o primeiro artista com quem trabalhou, e que depressa apresentou Damgaard a alguns dos seus amigos. Eram pescadores, carpinteiros ou comerciantes, que viviam na cidade ou nos seus arredores e pintavam nos seus tempos livres. Damgaard teve rapidamente sucesso ao incentiv\u00e1-los, e desde 2011 que passa os invernos em Marraquexe, come\u00e7ando a reunir artistas pertencentes a este grupo. <\/p>\n<p>Por outro lado, a origem da arte abor\u00edgene australiana remonta a 1971, quando Geoffrey Bardon, um professor, encorajou alguns artistas australianos a pintar em tela ou em t\u00e1buas. A sua ideia revelou-se extremamente bem-sucedida. A cultura abor\u00edgene tem mais de 60.000 anos, um per\u00edodo incrivelmente longo durante o qual pintavam nos seus corpos, em peda\u00e7os de casca de \u00e1rvores e em rochas. O uso de tela representou um momento transformador e, atualmente, existem milhares de artistas australianos em atividade e centenas de Centros Comunit\u00e1rios de Arte onde podem expor o seu trabalho.  <\/p>\n<p>Arnaud Serval, amigo de inf\u00e2ncia do filho de Yannick e Ben, mudou-se para a Austr\u00e1lia no in\u00edcio da d\u00e9cada de 1980, onde come\u00e7ou a colecionar e a comercializar arte abor\u00edgene. Ben e Yannick tornaram-se seus clientes e, em pouco tempo, passaram a possuir obras de alguns dos artistas mais reconhecidos deste movimento. <\/p>\n<p>Os visitantes de <em>Sa Bassa Blanca <\/em>tiveram a oportunidade de ver obras destes dois grupos de artistas expostas em conjunto, mas at\u00e9 agora nunca houve uma exposi\u00e7\u00e3o que abordasse diretamente esta ideia, embora existam conex\u00f5es evidentes. Para come\u00e7ar, ambos os movimentos foram impulsionados por influ\u00eancias externas. Ambos os movimentos ocorreram, mais ou menos, na mesma \u00e9poca e resultam de iniciativas que podem ser descritas como ativismo social. Pode tamb\u00e9m afirmar-se que existem algumas rela\u00e7\u00f5es formais entre a arte dos dois grupos, como a constru\u00e7\u00e3o de espa\u00e7os pict\u00f3ricos densamente estratificados e pulsantes, o uso de cores intensas e pinceladas expressivas. Em ambos os casos, a paisagem circundante tamb\u00e9m desempenha um papel crucial, sendo transformada em imagens complexas que expressam emo\u00e7\u00f5es interiores em vez de uma simples representa\u00e7\u00e3o objetiva da realidade.<\/p>\n","protected":false},"excerpt":{"rendered":"<p>Ben Jakober e Yannick Vu trabalham juntos como artistas desde o in\u00edcio da d\u00e9cada de 1990. Tamb\u00e9m s\u00e3o conhecidos como colecionadores de arte, tendo direcionado a sua aten\u00e7\u00e3o para muitos campos diferentes. Sa Bassa Blanca, o nome da sua magn\u00edfica casa, desenhada por Hassan Fathy no norte de Maiorca, \u00e9 talvez a sua obra-prima mais [&hellip;]<\/p>\n","protected":false},"author":1,"featured_media":0,"parent":0,"menu_order":0,"comment_status":"closed","ping_status":"closed","template":"","meta":{"_acf_changed":false,"footnotes":""},"class_list":["post-90","page","type-page","status-publish","hentry"],"acf":[],"yoast_head":"<!-- This site is optimized with the Yoast SEO plugin v25.0 - https:\/\/yoast.com\/wordpress\/plugins\/seo\/ -->\n<title>Artistas Australianos Abor\u00edgenes e Artistas de Essaouira, Marrocos, na Cole\u00e7\u00e3o da Funda\u00e7\u00e3o Yannick e Ben Jakober - Insiders Outsiders?<\/title>\n<meta name=\"robots\" content=\"index, follow, max-snippet:-1, max-image-preview:large, max-video-preview:-1\" \/>\n<link rel=\"canonical\" href=\"https:\/\/insidersoutsiders.palaciocadaval.com\/?page_id=90\" \/>\n<meta property=\"og:locale\" content=\"pt_PT\" \/>\n<meta property=\"og:type\" content=\"article\" \/>\n<meta property=\"og:title\" content=\"Artistas Australianos Abor\u00edgenes e Artistas de Essaouira, Marrocos, na Cole\u00e7\u00e3o da Funda\u00e7\u00e3o Yannick e Ben Jakober - Insiders Outsiders?\" \/>\n<meta property=\"og:description\" content=\"Ben Jakober e Yannick Vu trabalham juntos como artistas desde o in\u00edcio da d\u00e9cada de 1990. Tamb\u00e9m s\u00e3o conhecidos como colecionadores de arte, tendo direcionado a sua aten\u00e7\u00e3o para muitos campos diferentes. Sa Bassa Blanca, o nome da sua magn\u00edfica casa, desenhada por Hassan Fathy no norte de Maiorca, \u00e9 talvez a sua obra-prima mais [&hellip;]\" \/>\n<meta property=\"og:url\" content=\"https:\/\/insidersoutsiders.palaciocadaval.com\/?page_id=90\" \/>\n<meta property=\"og:site_name\" content=\"Insiders Outsiders?\" \/>\n<meta property=\"article:modified_time\" content=\"2025-05-01T09:21:52+00:00\" \/>\n<meta name=\"twitter:card\" content=\"summary_large_image\" \/>\n<meta name=\"twitter:label1\" content=\"Tempo estimado de leitura\" \/>\n\t<meta name=\"twitter:data1\" content=\"3 minutos\" \/>\n<script type=\"application\/ld+json\" class=\"yoast-schema-graph\">{\"@context\":\"https:\/\/schema.org\",\"@graph\":[{\"@type\":\"WebPage\",\"@id\":\"https:\/\/insidersoutsiders.palaciocadaval.com\/?page_id=90\",\"url\":\"https:\/\/insidersoutsiders.palaciocadaval.com\/?page_id=90\",\"name\":\"Artistas Australianos Abor\u00edgenes e Artistas de Essaouira, Marrocos, na Cole\u00e7\u00e3o da Funda\u00e7\u00e3o Yannick e Ben Jakober - Insiders Outsiders?\",\"isPartOf\":{\"@id\":\"https:\/\/insidersoutsiders.palaciocadaval.com\/en\/#website\"},\"datePublished\":\"2025-04-18T21:53:31+00:00\",\"dateModified\":\"2025-05-01T09:21:52+00:00\",\"breadcrumb\":{\"@id\":\"https:\/\/insidersoutsiders.palaciocadaval.com\/?page_id=90#breadcrumb\"},\"inLanguage\":\"pt-PT\",\"potentialAction\":[{\"@type\":\"ReadAction\",\"target\":[\"https:\/\/insidersoutsiders.palaciocadaval.com\/?page_id=90\"]}]},{\"@type\":\"BreadcrumbList\",\"@id\":\"https:\/\/insidersoutsiders.palaciocadaval.com\/?page_id=90#breadcrumb\",\"itemListElement\":[{\"@type\":\"ListItem\",\"position\":1,\"name\":\"In\u00edcio\",\"item\":\"https:\/\/insidersoutsiders.palaciocadaval.com\/en\/\"},{\"@type\":\"ListItem\",\"position\":2,\"name\":\"Artistas Australianos Abor\u00edgenes e Artistas de Essaouira, Marrocos, na Cole\u00e7\u00e3o da Funda\u00e7\u00e3o Yannick e Ben Jakober\"}]},{\"@type\":\"WebSite\",\"@id\":\"https:\/\/insidersoutsiders.palaciocadaval.com\/en\/#website\",\"url\":\"https:\/\/insidersoutsiders.palaciocadaval.com\/en\/\",\"name\":\"Insiders Outsiders?\",\"description\":\"\",\"potentialAction\":[{\"@type\":\"SearchAction\",\"target\":{\"@type\":\"EntryPoint\",\"urlTemplate\":\"https:\/\/insidersoutsiders.palaciocadaval.com\/en\/?s={search_term_string}\"},\"query-input\":{\"@type\":\"PropertyValueSpecification\",\"valueRequired\":true,\"valueName\":\"search_term_string\"}}],\"inLanguage\":\"pt-PT\"}]}<\/script>\n<!-- \/ Yoast SEO plugin. -->","yoast_head_json":{"title":"Artistas Australianos Abor\u00edgenes e Artistas de Essaouira, Marrocos, na Cole\u00e7\u00e3o da Funda\u00e7\u00e3o Yannick e Ben Jakober - Insiders Outsiders?","robots":{"index":"index","follow":"follow","max-snippet":"max-snippet:-1","max-image-preview":"max-image-preview:large","max-video-preview":"max-video-preview:-1"},"canonical":"https:\/\/insidersoutsiders.palaciocadaval.com\/?page_id=90","og_locale":"pt_PT","og_type":"article","og_title":"Artistas Australianos Abor\u00edgenes e Artistas de Essaouira, Marrocos, na Cole\u00e7\u00e3o da Funda\u00e7\u00e3o Yannick e Ben Jakober - Insiders Outsiders?","og_description":"Ben Jakober e Yannick Vu trabalham juntos como artistas desde o in\u00edcio da d\u00e9cada de 1990. Tamb\u00e9m s\u00e3o conhecidos como colecionadores de arte, tendo direcionado a sua aten\u00e7\u00e3o para muitos campos diferentes. Sa Bassa Blanca, o nome da sua magn\u00edfica casa, desenhada por Hassan Fathy no norte de Maiorca, \u00e9 talvez a sua obra-prima mais [&hellip;]","og_url":"https:\/\/insidersoutsiders.palaciocadaval.com\/?page_id=90","og_site_name":"Insiders Outsiders?","article_modified_time":"2025-05-01T09:21:52+00:00","twitter_card":"summary_large_image","twitter_misc":{"Tempo estimado de leitura":"3 minutos"},"schema":{"@context":"https:\/\/schema.org","@graph":[{"@type":"WebPage","@id":"https:\/\/insidersoutsiders.palaciocadaval.com\/?page_id=90","url":"https:\/\/insidersoutsiders.palaciocadaval.com\/?page_id=90","name":"Artistas Australianos Abor\u00edgenes e Artistas de Essaouira, Marrocos, na Cole\u00e7\u00e3o da Funda\u00e7\u00e3o Yannick e Ben Jakober - Insiders Outsiders?","isPartOf":{"@id":"https:\/\/insidersoutsiders.palaciocadaval.com\/en\/#website"},"datePublished":"2025-04-18T21:53:31+00:00","dateModified":"2025-05-01T09:21:52+00:00","breadcrumb":{"@id":"https:\/\/insidersoutsiders.palaciocadaval.com\/?page_id=90#breadcrumb"},"inLanguage":"pt-PT","potentialAction":[{"@type":"ReadAction","target":["https:\/\/insidersoutsiders.palaciocadaval.com\/?page_id=90"]}]},{"@type":"BreadcrumbList","@id":"https:\/\/insidersoutsiders.palaciocadaval.com\/?page_id=90#breadcrumb","itemListElement":[{"@type":"ListItem","position":1,"name":"In\u00edcio","item":"https:\/\/insidersoutsiders.palaciocadaval.com\/en\/"},{"@type":"ListItem","position":2,"name":"Artistas Australianos Abor\u00edgenes e Artistas de Essaouira, Marrocos, na Cole\u00e7\u00e3o da Funda\u00e7\u00e3o Yannick e Ben Jakober"}]},{"@type":"WebSite","@id":"https:\/\/insidersoutsiders.palaciocadaval.com\/en\/#website","url":"https:\/\/insidersoutsiders.palaciocadaval.com\/en\/","name":"Insiders Outsiders?","description":"","potentialAction":[{"@type":"SearchAction","target":{"@type":"EntryPoint","urlTemplate":"https:\/\/insidersoutsiders.palaciocadaval.com\/en\/?s={search_term_string}"},"query-input":{"@type":"PropertyValueSpecification","valueRequired":true,"valueName":"search_term_string"}}],"inLanguage":"pt-PT"}]}},"_links":{"self":[{"href":"https:\/\/insidersoutsiders.palaciocadaval.com\/index.php?rest_route=\/wp\/v2\/pages\/90","targetHints":{"allow":["GET"]}}],"collection":[{"href":"https:\/\/insidersoutsiders.palaciocadaval.com\/index.php?rest_route=\/wp\/v2\/pages"}],"about":[{"href":"https:\/\/insidersoutsiders.palaciocadaval.com\/index.php?rest_route=\/wp\/v2\/types\/page"}],"author":[{"embeddable":true,"href":"https:\/\/insidersoutsiders.palaciocadaval.com\/index.php?rest_route=\/wp\/v2\/users\/1"}],"replies":[{"embeddable":true,"href":"https:\/\/insidersoutsiders.palaciocadaval.com\/index.php?rest_route=%2Fwp%2Fv2%2Fcomments&post=90"}],"version-history":[{"count":3,"href":"https:\/\/insidersoutsiders.palaciocadaval.com\/index.php?rest_route=\/wp\/v2\/pages\/90\/revisions"}],"predecessor-version":[{"id":443,"href":"https:\/\/insidersoutsiders.palaciocadaval.com\/index.php?rest_route=\/wp\/v2\/pages\/90\/revisions\/443"}],"wp:attachment":[{"href":"https:\/\/insidersoutsiders.palaciocadaval.com\/index.php?rest_route=%2Fwp%2Fv2%2Fmedia&parent=90"}],"curies":[{"name":"wp","href":"https:\/\/api.w.org\/{rel}","templated":true}]}}